{"id":346,"date":"2015-11-30T19:13:34","date_gmt":"2015-11-30T19:13:34","guid":{"rendered":"http:\/\/cnserviceawards.com\/recover-password\/?lang=fr"},"modified":"2016-02-09T20:45:37","modified_gmt":"2016-02-09T20:45:37","slug":"recover-password","status":"publish","type":"page","link":"https:\/\/cnserviceawards.com\/fr\/recover-password\/","title":{"rendered":"Portal: R\u00e9cup\u00e9rer mot de passe"},"content":{"rendered":"\t\t\t<div id=\"log_forms forgot_pass\">\n\t\t\t\t<form name=\"forgot\" id=\"forgot\" method=\"post\" action=\"\">\n\t\t\t\t\t<input type=\"hidden\" name=\"option\" value=\"afo_forgot_pass\" \/>\n\t\t\t\t\t<div class=\"form-group forgot_pass\">\n\t\t\t\t\t\t<label for=\"user_username\">Courriel<\/label>\n\t\t\t\t\t\t<input type=\"text\" id=\"user_username\" name=\"user_username\" required=\"required\" placeholder=\"Courriel\"\/>\n\t\t\t\t\t<\/div>\n\t\t\t\t\t<div class=\"form-group submit\">\n\t\t\t\t\t\t<button name=\"forgot\">Connexion<\/button>\n\t\t\t\t\t<\/div>\n\t\t\t\t\t<div class=\"form-group forgot-text\">\n\t\t\t\t\t\t<p>S'il vous pla\u00eet entrer votre e-mail. Le lien de r\u00e9cup\u00e9ration sera envoyer dans votre email.<\/p>\n\t\t\t\t\t\t<p>Si vous ne connaissez pas votre adresse e-mail ou si vous n'en avez pas, veuillez contacter TOP Marketing au 1-866-590-1582 poste 206.<\/p>\n\t\t\t\t\t<\/div>\n\t\t\t\t<\/form>\n\t\t\t<\/div>\n\t\t\n","protected":false},"excerpt":{"rendered":"","protected":false},"author":1,"featured_media":0,"parent":0,"menu_order":0,"comment_status":"closed","ping_status":"closed","template":"portal-page.php","meta":[],"_links":{"self":[{"href":"https:\/\/cnserviceawards.com\/fr\/wp-json\/wp\/v2\/pages\/346"}],"collection":[{"href":"https:\/\/cnserviceawards.com\/fr\/wp-json\/wp\/v2\/pages"}],"about":[{"href":"https:\/\/cnserviceawards.com\/fr\/wp-json\/wp\/v2\/types\/page"}],"author":[{"embeddable":true,"href":"https:\/\/cnserviceawards.com\/fr\/wp-json\/wp\/v2\/users\/1"}],"replies":[{"embeddable":true,"href":"https:\/\/cnserviceawards.com\/fr\/wp-json\/wp\/v2\/comments?post=346"}],"version-history":[{"count":1,"href":"https:\/\/cnserviceawards.com\/fr\/wp-json\/wp\/v2\/pages\/346\/revisions"}],"predecessor-version":[{"id":347,"href":"https:\/\/cnserviceawards.com\/fr\/wp-json\/wp\/v2\/pages\/346\/revisions\/347"}],"wp:attachment":[{"href":"https:\/\/cnserviceawards.com\/fr\/wp-json\/wp\/v2\/media?parent=346"}],"curies":[{"name":"wp","href":"https:\/\/api.w.org\/{rel}","templated":true}]}}